{"id":9,"date":"2019-06-06T16:35:03","date_gmt":"2019-06-06T14:35:03","guid":{"rendered":"http:\/\/torun-pomoc-drogowa.pl\/?page_id=9"},"modified":"2019-08-02T21:25:57","modified_gmt":"2019-08-02T19:25:57","slug":"o-nas","status":"publish","type":"page","link":"http:\/\/torun-pomoc-drogowa.pl\/index.php\/o-nas\/","title":{"rendered":"O firmie"},"content":{"rendered":"\t\t<div data-elementor-type=\"wp-post\" data-elementor-id=\"9\" class=\"elementor elementor-9\" data-elementor-settings=\"[]\">\n\t\t\t\t\t\t<div class=\"elementor-inner\">\n\t\t\t\t\t\t\t<div class=\"elementor-section-wrap\">\n\t\t\t\t\t\t\t<section class=\"has_eae_slider elementor-section elementor-top-section elementor-element elementor-element-476ebc3f elementor-section-boxed elementor-section-height-default elementor-section-height-default\" data-id=\"476ebc3f\" data-element_type=\"section\">\n\t\t\t\t\t\t<div class=\"elementor-container elementor-column-gap-default\">\n\t\t\t\t\t\t\t<div class=\"elementor-row\">\n\t\t\t\t\t<div class=\"has_eae_slider elementor-column elementor-col-100 elementor-top-column elementor-element elementor-element-3726f773\" data-id=\"3726f773\" data-element_type=\"column\">\n\t\t\t<div class=\"elementor-column-wrap elementor-element-populated\">\n\t\t\t\t\t\t\t<div class=\"elementor-widget-wrap\">\n\t\t\t\t\t\t<div class=\"elementor-element elementor-element-3758836 elementor-widget elementor-widget-text-editor\" data-id=\"3758836\" data-element_type=\"widget\" data-widget_type=\"text-editor.default\">\n\t\t\t\t<div class=\"elementor-widget-container\">\n\t\t\t\t\t\t\t\t<div class=\"elementor-text-editor elementor-clearfix\">\n\t\t\t\t\t<h3 style=\"text-align: center;\"><span style=\"color: #ffc90e;\">DZIA\u0141AMY SIEDEM DNI W TYGODNIU, 24 GODZINY NA DOB\u0118.<br \/><\/span><span style=\"color: #ffc90e;\">JESTE\u015aMY DO DYSPOZYCJI ZAWSZE WTEDY I TAM GDZIE<br \/>NASZA POMOC JEST POTRZEBNA.<\/span><\/h3>\n<p><!-- \/wp:heading --><\/p>\n<p>Posiadamy \u015bwietnie przystosowany sprz\u0119t &#8211; laweta z hydrauliczn\u0105 platform\u0105 do przewozu du\u017cych pojazd\u00f3w i maszyn, lawety do przewozu aut osobowych. Nasze holowniki s\u0105 ponad standardowo wyposa\u017cone w sprz\u0119ty u\u0142atwiaj\u0105ce pomoc w skomplikowanych przypadkach (motyl, w\u00f3zki, rolki itp.).<\/p>\t\t\t\t\t<\/div>\n\t\t\t\t\t\t<\/div>\n\t\t\t\t<\/div>\n\t\t\t\t<div class=\"elementor-element elementor-element-595cefb elementor-widget elementor-widget-eael-feature-list\" data-id=\"595cefb\" data-element_type=\"widget\" data-widget_type=\"eael-feature-list.default\">\n\t\t\t\t<div class=\"elementor-widget-container\">\n\t\t\t\t\t<div class=\"-icon-position-left -tablet-icon-position-left -mobile-icon-position-left\">\n\t\t\t<ul id=\"eael-feature-list-595cefb\" class=\"eael-feature-list-items square stacked \">\n\t\t\t                <li class=\"eael-feature-list-item\">\n                    \n\t\t\t\t\t\t<div class=\"eael-feature-list-icon-box\">\n\t\t\t\t\t\t\t<div class=\"eael-feature-list-icon-inner\">\n\n\t\t\t\t\t\t\t\t<span class=\"eael-feature-list-icon fl-icon-0\">\n\n\t\t<i class=\"fa fa-check-circle\" aria-hidden=\"true\"><\/i>\t\t\t\t\t\t\t\t<\/span>\n\t\t\t\t\t\t\t<\/div>\n\t\t\t\t\t\t<\/div>\n\t\t\t\t\t\t<div class=\"eael-feature-list-content-box\">\n\t\t\t\t\t\t\t<h3 class=\"eael-feature-list-title\"\t\t\t\t\t\t\t>HOLOWANIE<\/h3\t\t\t\t\t\t>\n\t\t\t\t\t\t<p class=\"eael-feature-list-content\">Holowanie uszkodzonych pojazd\u00f3w (osobowe, dostawcze, motocykle, quady, maszyny budowlane itp.<\/p>\n\t\t\t\t\t\t<\/div>\n\n\t\t\t\t\t<\/li>\n\t\t\t\t                <li class=\"eael-feature-list-item\">\n                    \n\t\t\t\t\t\t<div class=\"eael-feature-list-icon-box\">\n\t\t\t\t\t\t\t<div class=\"eael-feature-list-icon-inner\">\n\n\t\t\t\t\t\t\t\t<span class=\"eael-feature-list-icon fl-icon-1\">\n\n\t\t<i class=\"fa fa-check-circle\" aria-hidden=\"true\"><\/i>\t\t\t\t\t\t\t\t<\/span>\n\t\t\t\t\t\t\t<\/div>\n\t\t\t\t\t\t<\/div>\n\t\t\t\t\t\t<div class=\"eael-feature-list-content-box\">\n\t\t\t\t\t\t\t<h3 class=\"eael-feature-list-title\"\t\t\t\t\t\t\t>NAPRAWY<\/h3\t\t\t\t\t\t>\n\t\t\t\t\t\t<p class=\"eael-feature-list-content\">Naprawy awarii na miejscu zdarzenia oraz holowanie do warsztatu (mechanik 24h)<\/p>\n\t\t\t\t\t\t<\/div>\n\n\t\t\t\t\t<\/li>\n\t\t\t\t                <li class=\"eael-feature-list-item\">\n                    \n\t\t\t\t\t\t<div class=\"eael-feature-list-icon-box\">\n\t\t\t\t\t\t\t<div class=\"eael-feature-list-icon-inner\">\n\n\t\t\t\t\t\t\t\t<span class=\"eael-feature-list-icon fl-icon-2\">\n\n\t\t<i class=\"fa fa-check-circle\" aria-hidden=\"true\"><\/i>\t\t\t\t\t\t\t\t<\/span>\n\t\t\t\t\t\t\t<\/div>\n\t\t\t\t\t\t<\/div>\n\t\t\t\t\t\t<div class=\"eael-feature-list-content-box\">\n\t\t\t\t\t\t\t<h3 class=\"eael-feature-list-title\"\t\t\t\t\t\t\t>WYNAJEM<\/h3\t\t\t\t\t\t>\n\t\t\t\t\t\t<p class=\"eael-feature-list-content\">Wynajem pojazd\u00f3w zast\u0119pczych na okres naprawy<\/p>\n\t\t\t\t\t\t<\/div>\n\n\t\t\t\t\t<\/li>\n\t\t\t\t                <li class=\"eael-feature-list-item\">\n                    \n\t\t\t\t\t\t<div class=\"eael-feature-list-icon-box\">\n\t\t\t\t\t\t\t<div class=\"eael-feature-list-icon-inner\">\n\n\t\t\t\t\t\t\t\t<span class=\"eael-feature-list-icon fl-icon-3\">\n\n\t\t<i class=\"fa fa-check-circle\" aria-hidden=\"true\"><\/i>\t\t\t\t\t\t\t\t<\/span>\n\t\t\t\t\t\t\t<\/div>\n\t\t\t\t\t\t<\/div>\n\t\t\t\t\t\t<div class=\"eael-feature-list-content-box\">\n\t\t\t\t\t\t\t<h3 class=\"eael-feature-list-title\"\t\t\t\t\t\t\t>US\u0141UGI<\/h3\t\t\t\t\t\t>\n\t\t\t\t\t\t<p class=\"eael-feature-list-content\">Us\u0142ugi wulkanizacyjne, dow\u00f3z paliwa, parkowanie uszkodzonych pojazd\u00f3w<\/p>\n\t\t\t\t\t\t<\/div>\n\n\t\t\t\t\t<\/li>\n\t\t\t\t                <li class=\"eael-feature-list-item\">\n                    \n\t\t\t\t\t\t<div class=\"eael-feature-list-icon-box\">\n\t\t\t\t\t\t\t<div class=\"eael-feature-list-icon-inner\">\n\n\t\t\t\t\t\t\t\t<span class=\"eael-feature-list-icon fl-icon-4\">\n\n\t\t<i class=\"fa fa-check-circle\" aria-hidden=\"true\"><\/i>\t\t\t\t\t\t\t\t<\/span>\n\t\t\t\t\t\t\t<\/div>\n\t\t\t\t\t\t<\/div>\n\t\t\t\t\t\t<div class=\"eael-feature-list-content-box\">\n\t\t\t\t\t\t\t<h3 class=\"eael-feature-list-title\"\t\t\t\t\t\t\t>TRANSPORT<\/h3\t\t\t\t\t\t>\n\t\t\t\t\t\t<p class=\"eael-feature-list-content\">Transport os\u00f3b, transport towar\u00f3w<\/p>\n\t\t\t\t\t\t<\/div>\n\n\t\t\t\t\t<\/li>\n\t\t\t\t\t\t\t<\/ul>\n\t\t<\/div>\n\t\t\t\t<\/div>\n\t\t\t\t<\/div>\n\t\t\t\t<div class=\"elementor-element elementor-element-4f3e6968 elementor-widget elementor-widget-text-editor\" data-id=\"4f3e6968\" data-element_type=\"widget\" data-widget_type=\"text-editor.default\">\n\t\t\t\t<div class=\"elementor-widget-container\">\n\t\t\t\t\t\t\t\t<div class=\"elementor-text-editor elementor-clearfix\">\n\t\t\t\t\t<!-- wp:heading --><!-- \/wp:paragraph --><!-- wp:heading -->\n<h2><span style=\"color: #ffc90e;\">NASZA FLOTA<\/span><\/h2>\n<!-- \/wp:heading --><!-- wp:image {\"id\":74} -->\n<figure class=\"wp-block-image\"><img loading=\"lazy\" width=\"1024\" height=\"576\" class=\"wp-image-74\" src=\"http:\/\/torun-pomoc-drogowa.pl\/wp-content\/uploads\/2019\/07\/1-1024x576.jpg\" alt=\"\" srcset=\"http:\/\/torun-pomoc-drogowa.pl\/wp-content\/uploads\/2019\/07\/1-1024x576.jpg 1024w, http:\/\/torun-pomoc-drogowa.pl\/wp-content\/uploads\/2019\/07\/1-300x169.jpg 300w, http:\/\/torun-pomoc-drogowa.pl\/wp-content\/uploads\/2019\/07\/1-768x432.jpg 768w, http:\/\/torun-pomoc-drogowa.pl\/wp-content\/uploads\/2019\/07\/1.jpg 1920w\" sizes=\"(max-width: 1024px) 100vw, 1024px\" \/>\n<figcaption><br \/>Na zdj\u0119ciu kilka z naszych samochod\u00f3w.<\/figcaption>\n<\/figure>\n<!-- \/wp:image --><!-- wp:heading -->\n<h2><span style=\"color: #ffc90e;\">CO ROBIMY<\/span><\/h2>\n<!-- \/wp:heading --><!-- wp:paragraph -->\n<p>\u015awiadczymy us\u0142ugi na terenie Miasta TORU\u0143, wojew\u00f3dztwa kuj.-pom. \u2013 w \u00a0tym Autostrada A1: TURZNO, LISEWO, LUBICZ, CZERNIEWICE, NOWA WIE\u015a oraz wsz\u0119dzie tam gdzie potrzebujesz naszej pomocy.<\/p>\n<!-- \/wp:paragraph --><!-- wp:heading -->\n<h2><span style=\"color: #ffc90e;\">NASZA PRACA<\/span><\/h2>\n<!-- \/wp:heading --><!-- wp:image {\"id\":75} -->\n<figure class=\"wp-block-image\"><img loading=\"lazy\" width=\"960\" height=\"720\" class=\"wp-image-75\" src=\"http:\/\/torun-pomoc-drogowa.pl\/wp-content\/uploads\/2019\/07\/pomoc-drogowa-torun-5.jpg\" alt=\"\" srcset=\"http:\/\/torun-pomoc-drogowa.pl\/wp-content\/uploads\/2019\/07\/pomoc-drogowa-torun-5.jpg 960w, http:\/\/torun-pomoc-drogowa.pl\/wp-content\/uploads\/2019\/07\/pomoc-drogowa-torun-5-300x225.jpg 300w, http:\/\/torun-pomoc-drogowa.pl\/wp-content\/uploads\/2019\/07\/pomoc-drogowa-torun-5-768x576.jpg 768w\" sizes=\"(max-width: 960px) 100vw, 960px\" \/>\n<figcaption><br \/>Nasza codzienno\u015b\u0107.<\/figcaption>\n<\/figure>\n<!-- \/wp:image -->\t\t\t\t\t<\/div>\n\t\t\t\t\t\t<\/div>\n\t\t\t\t<\/div>\n\t\t\t\t\t\t<\/div>\n\t\t\t\t\t<\/div>\n\t\t<\/div>\n\t\t\t\t\t\t\t\t<\/div>\n\t\t\t\t\t<\/div>\n\t\t<\/section>\n\t\t\t\t\t\t<\/div>\n\t\t\t\t\t\t<\/div>\n\t\t\t\t\t<\/div>\n\t\t","protected":false},"excerpt":{"rendered":"<p>DZIA\u0141AMY SIEDEM DNI W TYGODNIU, 24 GODZINY NA DOB\u0118.JESTE\u015aMY DO DYSPOZYCJI ZAWSZE WTEDY I TAM GDZIENASZA POMOC JEST POTRZEBNA. Posiadamy \u015bwietnie przystosowany sprz\u0119t &#8211; laweta z hydrauliczn\u0105 platform\u0105 do przewozu du\u017cych pojazd\u00f3w i maszyn, lawety do przewozu aut osobowych. Nasze holowniki s\u0105 ponad standardowo wyposa\u017cone w sprz\u0119ty u\u0142atwiaj\u0105ce pomoc w skomplikowanych przypadkach (motyl, w\u00f3zki, rolki&nbsp;&hellip;<\/p>\n","protected":false},"author":1,"featured_media":0,"parent":0,"menu_order":0,"comment_status":"closed","ping_status":"closed","template":"","meta":[],"yoast_head":"<!-- This site is optimized with the Yoast SEO plugin v16.2 - https:\/\/yoast.com\/wordpress\/plugins\/seo\/ -->\n<title>O firmie - TORU\u0143 POMOC DROGOWA - tel. 666 219 444<\/title>\n<meta name=\"robots\" content=\"index, follow, max-snippet:-1, max-image-preview:large, max-video-preview:-1\" \/>\n<link rel=\"canonical\" href=\"https:\/\/torun-pomoc-drogowa.pl\/index.php\/o-nas\/\" \/>\n<meta property=\"og:locale\" content=\"pl_PL\" \/>\n<meta property=\"og:type\" content=\"article\" \/>\n<meta property=\"og:title\" content=\"O firmie - TORU\u0143 POMOC DROGOWA - tel. 666 219 444\" \/>\n<meta property=\"og:description\" content=\"DZIA\u0141AMY SIEDEM DNI W TYGODNIU, 24 GODZINY NA DOB\u0118.JESTE\u015aMY DO DYSPOZYCJI ZAWSZE WTEDY I TAM GDZIENASZA POMOC JEST POTRZEBNA. Posiadamy \u015bwietnie przystosowany sprz\u0119t &#8211; laweta z hydrauliczn\u0105 platform\u0105 do przewozu du\u017cych pojazd\u00f3w i maszyn, lawety do przewozu aut osobowych. Nasze holowniki s\u0105 ponad standardowo wyposa\u017cone w sprz\u0119ty u\u0142atwiaj\u0105ce pomoc w skomplikowanych przypadkach (motyl, w\u00f3zki, rolki&nbsp;&hellip;\" \/>\n<meta property=\"og:url\" content=\"https:\/\/torun-pomoc-drogowa.pl\/index.php\/o-nas\/\" \/>\n<meta property=\"og:site_name\" content=\"TORU\u0143 POMOC DROGOWA - tel. 666 219 444\" \/>\n<meta property=\"article:publisher\" content=\"https:\/\/pl-pl.facebook.com\/Piuchpol-Pomoc-Drogowa-Toru%c5%84-A1-666219444-188450504689092\/\" \/>\n<meta property=\"article:modified_time\" content=\"2019-08-02T19:25:57+00:00\" \/>\n<meta property=\"og:image\" content=\"http:\/\/torun-pomoc-drogowa.pl\/wp-content\/uploads\/2019\/07\/1-1024x576.jpg\" \/>\n<meta name=\"twitter:card\" content=\"summary_large_image\" \/>\n<meta name=\"twitter:label1\" content=\"Szacowany czas czytania\">\n\t<meta name=\"twitter:data1\" content=\"1 minuta\">\n<script type=\"application\/ld+json\" class=\"yoast-schema-graph\">{\"@context\":\"https:\/\/schema.org\",\"@graph\":[{\"@type\":\"Organization\",\"@id\":\"http:\/\/torun-pomoc-drogowa.pl\/#organization\",\"name\":\"toru\\u0144 pomoc drogowa A1\",\"url\":\"http:\/\/torun-pomoc-drogowa.pl\/\",\"sameAs\":[\"https:\/\/pl-pl.facebook.com\/Piuchpol-Pomoc-Drogowa-Toru\\u0144-A1-666219444-188450504689092\/\"],\"logo\":{\"@type\":\"ImageObject\",\"@id\":\"http:\/\/torun-pomoc-drogowa.pl\/#logo\",\"inLanguage\":\"pl-PL\",\"url\":\"http:\/\/torun-pomoc-drogowa.pl\/wp-content\/uploads\/2019\/07\/nowi-bracia-1-1.jpg\",\"contentUrl\":\"http:\/\/torun-pomoc-drogowa.pl\/wp-content\/uploads\/2019\/07\/nowi-bracia-1-1.jpg\",\"width\":960,\"height\":720,\"caption\":\"toru\\u0144 pomoc drogowa A1\"},\"image\":{\"@id\":\"http:\/\/torun-pomoc-drogowa.pl\/#logo\"}},{\"@type\":\"WebSite\",\"@id\":\"http:\/\/torun-pomoc-drogowa.pl\/#website\",\"url\":\"http:\/\/torun-pomoc-drogowa.pl\/\",\"name\":\"TORU\\u0143 POMOC DROGOWA - tel. 666 219 444\",\"description\":\"\",\"publisher\":{\"@id\":\"http:\/\/torun-pomoc-drogowa.pl\/#organization\"},\"potentialAction\":[{\"@type\":\"SearchAction\",\"target\":\"http:\/\/torun-pomoc-drogowa.pl\/?s={search_term_string}\",\"query-input\":\"required name=search_term_string\"}],\"inLanguage\":\"pl-PL\"},{\"@type\":\"ImageObject\",\"@id\":\"https:\/\/torun-pomoc-drogowa.pl\/index.php\/o-nas\/#primaryimage\",\"inLanguage\":\"pl-PL\",\"url\":\"http:\/\/torun-pomoc-drogowa.pl\/wp-content\/uploads\/2019\/07\/1.jpg\",\"contentUrl\":\"http:\/\/torun-pomoc-drogowa.pl\/wp-content\/uploads\/2019\/07\/1.jpg\",\"width\":1920,\"height\":1080},{\"@type\":\"WebPage\",\"@id\":\"https:\/\/torun-pomoc-drogowa.pl\/index.php\/o-nas\/#webpage\",\"url\":\"https:\/\/torun-pomoc-drogowa.pl\/index.php\/o-nas\/\",\"name\":\"O firmie - TORU\\u0143 POMOC DROGOWA - tel. 666 219 444\",\"isPartOf\":{\"@id\":\"http:\/\/torun-pomoc-drogowa.pl\/#website\"},\"primaryImageOfPage\":{\"@id\":\"https:\/\/torun-pomoc-drogowa.pl\/index.php\/o-nas\/#primaryimage\"},\"datePublished\":\"2019-06-06T14:35:03+00:00\",\"dateModified\":\"2019-08-02T19:25:57+00:00\",\"breadcrumb\":{\"@id\":\"https:\/\/torun-pomoc-drogowa.pl\/index.php\/o-nas\/#breadcrumb\"},\"inLanguage\":\"pl-PL\",\"potentialAction\":[{\"@type\":\"ReadAction\",\"target\":[\"https:\/\/torun-pomoc-drogowa.pl\/index.php\/o-nas\/\"]}]},{\"@type\":\"BreadcrumbList\",\"@id\":\"https:\/\/torun-pomoc-drogowa.pl\/index.php\/o-nas\/#breadcrumb\",\"itemListElement\":[{\"@type\":\"ListItem\",\"position\":1,\"item\":{\"@type\":\"WebPage\",\"@id\":\"http:\/\/torun-pomoc-drogowa.pl\/\",\"url\":\"http:\/\/torun-pomoc-drogowa.pl\/\",\"name\":\"Strona g\\u0142\\u00f3wna\"}},{\"@type\":\"ListItem\",\"position\":2,\"item\":{\"@id\":\"https:\/\/torun-pomoc-drogowa.pl\/index.php\/o-nas\/#webpage\"}}]}]}<\/script>\n<!-- \/ Yoast SEO plugin. -->","_links":{"self":[{"href":"http:\/\/torun-pomoc-drogowa.pl\/index.php\/wp-json\/wp\/v2\/pages\/9"}],"collection":[{"href":"http:\/\/torun-pomoc-drogowa.pl\/index.php\/wp-json\/wp\/v2\/pages"}],"about":[{"href":"http:\/\/torun-pomoc-drogowa.pl\/index.php\/wp-json\/wp\/v2\/types\/page"}],"author":[{"embeddable":true,"href":"http:\/\/torun-pomoc-drogowa.pl\/index.php\/wp-json\/wp\/v2\/users\/1"}],"replies":[{"embeddable":true,"href":"http:\/\/torun-pomoc-drogowa.pl\/index.php\/wp-json\/wp\/v2\/comments?post=9"}],"version-history":[{"count":13,"href":"http:\/\/torun-pomoc-drogowa.pl\/index.php\/wp-json\/wp\/v2\/pages\/9\/revisions"}],"predecessor-version":[{"id":226,"href":"http:\/\/torun-pomoc-drogowa.pl\/index.php\/wp-json\/wp\/v2\/pages\/9\/revisions\/226"}],"wp:attachment":[{"href":"http:\/\/torun-pomoc-drogowa.pl\/index.php\/wp-json\/wp\/v2\/media?parent=9"}],"curies":[{"name":"wp","href":"https:\/\/api.w.org\/{rel}","templated":true}]}}