{"id":12,"date":"2019-06-06T16:35:03","date_gmt":"2019-06-06T14:35:03","guid":{"rendered":"http:\/\/torun-pomoc-drogowa.pl\/?page_id=12"},"modified":"2019-08-02T00:08:22","modified_gmt":"2019-08-01T22:08:22","slug":"sekcja-strony-glownej","status":"publish","type":"page","link":"http:\/\/torun-pomoc-drogowa.pl\/","title":{"rendered":"Strona g\u0142owna"},"content":{"rendered":"\t\t<div data-elementor-type=\"wp-post\" data-elementor-id=\"12\" class=\"elementor elementor-12\" data-elementor-settings=\"[]\">\n\t\t\t\t\t\t<div class=\"elementor-inner\">\n\t\t\t\t\t\t\t<div class=\"elementor-section-wrap\">\n\t\t\t\t\t\t\t<section class=\"has_eae_slider elementor-section elementor-top-section elementor-element elementor-element-1e17d45 elementor-section-content-middle elementor-section-boxed elementor-section-height-default elementor-section-height-default\" data-id=\"1e17d45\" data-element_type=\"section\">\n\t\t\t\t\t\t<div class=\"elementor-container elementor-column-gap-default\">\n\t\t\t\t\t\t\t<div class=\"elementor-row\">\n\t\t\t\t\t<div class=\"has_eae_slider elementor-column elementor-col-50 elementor-top-column elementor-element elementor-element-67b7895\" data-id=\"67b7895\" data-element_type=\"column\">\n\t\t\t<div class=\"elementor-column-wrap elementor-element-populated\">\n\t\t\t\t\t\t\t<div class=\"elementor-widget-wrap\">\n\t\t\t\t\t\t<div class=\"elementor-element elementor-element-f8ddfd0 elementor-widget elementor-widget-text-editor\" data-id=\"f8ddfd0\" data-element_type=\"widget\" data-widget_type=\"text-editor.default\">\n\t\t\t\t<div class=\"elementor-widget-container\">\n\t\t\t\t\t\t\t\t<div class=\"elementor-text-editor elementor-clearfix\">\n\t\t\t\t\t<h4 dir=\"ltr\" style=\"text-align: center;\"><strong>\u015aWIADCZYMY US\u0141UGI NA TERENIE MIASTA\u00a0TORU\u0143,\u00a0<\/strong><strong>WOJEW\u00d3DZTWA\u00a0KUJ.-POM.<\/strong><strong>\u00a0\u2013 W TYM AUTOSTRADA A1:\u00a0TURZNO,\u00a0LISEWO,\u00a0LUBICZ, CZERNIEWICE, NOWA WIE\u015a<br \/><\/strong><strong>ORAZ WSZ\u0118DZIE TAM GDZIE POTRZEBUJESZ NASZEJ POMOCY.<\/strong><\/h4>\n<p><!-- wp:heading --><!-- \/wp:paragraph --><\/p>\t\t\t\t\t<\/div>\n\t\t\t\t\t\t<\/div>\n\t\t\t\t<\/div>\n\t\t\t\t<div class=\"elementor-element elementor-element-aa0196b elementor-invisible elementor-widget elementor-widget-text-editor\" data-id=\"aa0196b\" data-element_type=\"widget\" data-settings=\"{&quot;_animation&quot;:&quot;shake&quot;}\" data-widget_type=\"text-editor.default\">\n\t\t\t\t<div class=\"elementor-widget-container\">\n\t\t\t\t\t\t\t\t<div class=\"elementor-text-editor elementor-clearfix\">\n\t\t\t\t\t<h1 dir=\"ltr\" style=\"text-align: center;\"><strong><span style=\"color: #f9b701;\"><a style=\"color: #f9b701;\" href=\"tel:0048666219444\">666 219 444<\/a><\/span><\/strong><\/h1>\t\t\t\t\t<\/div>\n\t\t\t\t\t\t<\/div>\n\t\t\t\t<\/div>\n\t\t\t\t<div class=\"elementor-element elementor-element-4d72e80 animated-slow elementor-invisible elementor-widget elementor-widget-text-editor\" data-id=\"4d72e80\" data-element_type=\"widget\" data-settings=\"{&quot;_animation&quot;:&quot;flash&quot;}\" data-widget_type=\"text-editor.default\">\n\t\t\t\t<div class=\"elementor-widget-container\">\n\t\t\t\t\t\t\t\t<div class=\"elementor-text-editor elementor-clearfix\">\n\t\t\t\t\t<h2 style=\"text-align: center;\"><strong>24 GODZINY NA DOB\u0118,<\/strong><br \/><strong>7 DNI W TYGODNIU<\/strong><\/h2>\t\t\t\t\t<\/div>\n\t\t\t\t\t\t<\/div>\n\t\t\t\t<\/div>\n\t\t\t\t<div class=\"elementor-element elementor-element-ee6038c elementor-align-center elementor-widget elementor-widget-button\" data-id=\"ee6038c\" data-element_type=\"widget\" data-widget_type=\"button.default\">\n\t\t\t\t<div class=\"elementor-widget-container\">\n\t\t\t\t\t<div class=\"elementor-button-wrapper\">\n\t\t\t<a href=\"http:\/\/torun-pomoc-drogowa.pl\/index.php\/kontakt\/\" class=\"elementor-button-link elementor-button elementor-size-md\" role=\"button\">\n\t\t\t\t\t\t<span class=\"elementor-button-content-wrapper\">\n\t\t\t\t\t\t<span class=\"elementor-button-text\">KONTAKT<\/span>\n\t\t<\/span>\n\t\t\t\t\t<\/a>\n\t\t<\/div>\n\t\t\t\t<\/div>\n\t\t\t\t<\/div>\n\t\t\t\t<section class=\"has_eae_slider elementor-section elementor-inner-section elementor-element elementor-element-4c35049 elementor-section-boxed elementor-section-height-default elementor-section-height-default\" data-id=\"4c35049\" data-element_type=\"section\">\n\t\t\t\t\t\t<div class=\"elementor-container elementor-column-gap-default\">\n\t\t\t\t\t\t\t<div class=\"elementor-row\">\n\t\t\t\t\t<div class=\"has_eae_slider elementor-column elementor-col-100 elementor-inner-column elementor-element elementor-element-f98465e\" data-id=\"f98465e\" data-element_type=\"column\">\n\t\t\t<div class=\"elementor-column-wrap elementor-element-populated\">\n\t\t\t\t\t\t\t<div class=\"elementor-widget-wrap\">\n\t\t\t\t\t\t<div class=\"elementor-element elementor-element-fbd6e5d elementor-shape-rounded elementor-grid-0 e-grid-align-center elementor-widget elementor-widget-social-icons\" data-id=\"fbd6e5d\" data-element_type=\"widget\" data-widget_type=\"social-icons.default\">\n\t\t\t\t<div class=\"elementor-widget-container\">\n\t\t\t\t\t<div class=\"elementor-social-icons-wrapper elementor-grid\">\n\t\t\t\t\t\t\t<div class=\"elementor-grid-item\">\n\t\t\t\t\t<a class=\"elementor-icon elementor-social-icon elementor-social-icon-facebook elementor-repeater-item-b6b9992\" href=\"https:\/\/pl-pl.facebook.com\/Piuchpol-Pomoc-Drogowa-Toru%C5%84-A1-666219444-188450504689092\/\" target=\"_blank\">\n\t\t\t\t\t\t<span class=\"elementor-screen-only\">Facebook<\/span>\n\t\t\t\t\t\t<i class=\"fab fa-facebook\"><\/i>\t\t\t\t\t<\/a>\n\t\t\t\t<\/div>\n\t\t\t\t\t\t\t<div class=\"elementor-grid-item\">\n\t\t\t\t\t<a class=\"elementor-icon elementor-social-icon elementor-social-icon-google-plus elementor-repeater-item-261f396\" href=\"https:\/\/plus.google.com\/+Pomocdrogowa24hPIUCHPOLBrze%C5%BAno\/posts\" target=\"_blank\">\n\t\t\t\t\t\t<span class=\"elementor-screen-only\">Google-plus<\/span>\n\t\t\t\t\t\t<i class=\"fab fa-google-plus\"><\/i>\t\t\t\t\t<\/a>\n\t\t\t\t<\/div>\n\t\t\t\t\t<\/div>\n\t\t\t\t<\/div>\n\t\t\t\t<\/div>\n\t\t\t\t\t\t<\/div>\n\t\t\t\t\t<\/div>\n\t\t<\/div>\n\t\t\t\t\t\t\t\t<\/div>\n\t\t\t\t\t<\/div>\n\t\t<\/section>\n\t\t\t\t\t\t<\/div>\n\t\t\t\t\t<\/div>\n\t\t<\/div>\n\t\t\t\t<div class=\"has_eae_slider elementor-column elementor-col-50 elementor-top-column elementor-element elementor-element-3d00374\" data-id=\"3d00374\" data-element_type=\"column\">\n\t\t\t<div class=\"elementor-column-wrap elementor-element-populated\">\n\t\t\t\t\t\t\t<div class=\"elementor-widget-wrap\">\n\t\t\t\t\t\t<div class=\"elementor-element elementor-element-6b2694b elementor-invisible elementor-widget elementor-widget-heading\" data-id=\"6b2694b\" data-element_type=\"widget\" data-settings=\"{&quot;_animation&quot;:&quot;pulse&quot;}\" data-widget_type=\"heading.default\">\n\t\t\t\t<div class=\"elementor-widget-container\">\n\t\t\t<h4 class=\"elementor-heading-title elementor-size-default\">JESTE\u015aMY NA FACEBOOK<\/h4>\t\t<\/div>\n\t\t\t\t<\/div>\n\t\t\t\t<div class=\"elementor-element elementor-element-d67b6d5 elementor-widget elementor-widget-html\" data-id=\"d67b6d5\" data-element_type=\"widget\" data-widget_type=\"html.default\">\n\t\t\t\t<div class=\"elementor-widget-container\">\n\t\t\t<center><div class=\"fb-page fb_iframe_widget\" data-href=\"https:\/\/www.facebook.com\/AutoSzkolaAsTor\" data-width=\"100%\" data-height=\"500\" data-hide-cover=\"false\" data-show-facepile=\"true\" data-show-posts=\"true\" fb-xfbml-state=\"rendered\" fb-iframe-plugin-query=\"app_id=&amp;container_width=100%&amp;height=500&amp;hide_cover=false&amp;href=https:\/\/pl-pl.facebook.com\/Piuchpol-Pomoc-Drogowa-Toru%C5%84-A1-666219444-188450504689092\/&amp;locale=pl_PL&amp;sdk=joey&amp;show_facepile=true&amp;show_posts=true&amp;width=280\"><span style=\"vertical-align: bottom; width: 100%; height: 500px;\"><iframe loading=\"lazy\" name=\"f3276d117d33c3c\" width=\"100%\" height=\"500px\" title=\"fb:page Facebook Social Plugin\" frameborder=\"0\" allowtransparency=\"true\" allowfullscreen=\"true\" scrolling=\"no\" allow=\"encrypted-media\" src=\"https:\/\/www.facebook.com\/v2.3\/plugins\/page.php?app_id=&amp;channel=https%3A%2F%2Fstaticxx.facebook.com%2Fconnect%2Fxd_arbiter.php%3Fversion%3D44%23cb%3Df1e0991b110672c%26domain%3Dwww.autoster.pl%26origin%3Dhttp%253A%252F%252Ftorunpomocdrogowa.pl%252Ff3e94235e8e784c%26relation%3Dparent.parent&amp;container_width=340&amp;height=500&amp;hide_cover=false&amp;href=https:\/\/pl-pl.facebook.com\/Piuchpol-Pomoc-Drogowa-Toru%C5%84-A1-666219444-188450504689092amp;locale=pl_PL&amp;sdk=joey&amp;show_facepile=true&amp;show_posts=true&amp;width=320px\" style=\"border: none; visibility: visible; width: 100%; height: 500px;\" class=\"\"><\/iframe><\/span><\/div><\/center>\t\t<\/div>\n\t\t\t\t<\/div>\n\t\t\t\t\t\t<\/div>\n\t\t\t\t\t<\/div>\n\t\t<\/div>\n\t\t\t\t\t\t\t\t<\/div>\n\t\t\t\t\t<\/div>\n\t\t<\/section>\n\t\t\t\t<section class=\"has_eae_slider elementor-section elementor-top-section elementor-element elementor-element-05c415a elementor-section-boxed elementor-section-height-default elementor-section-height-default\" data-id=\"05c415a\" data-element_type=\"section\">\n\t\t\t\t\t\t<div class=\"elementor-container elementor-column-gap-default\">\n\t\t\t\t\t\t\t<div class=\"elementor-row\">\n\t\t\t\t\t<div class=\"has_eae_slider elementor-column elementor-col-25 elementor-top-column elementor-element elementor-element-b9dd018\" data-id=\"b9dd018\" data-element_type=\"column\">\n\t\t\t<div class=\"elementor-column-wrap elementor-element-populated\">\n\t\t\t\t\t\t\t<div class=\"elementor-widget-wrap\">\n\t\t\t\t\t\t<div class=\"elementor-element elementor-element-e98227d animated-slow elementor-view-default elementor-position-top elementor-vertical-align-top elementor-invisible elementor-widget elementor-widget-icon-box\" data-id=\"e98227d\" data-element_type=\"widget\" data-settings=\"{&quot;_animation&quot;:&quot;fadeInLeft&quot;}\" data-widget_type=\"icon-box.default\">\n\t\t\t\t<div class=\"elementor-widget-container\">\n\t\t\t\t\t<div class=\"elementor-icon-box-wrapper\">\n\t\t\t\t\t\t<div class=\"elementor-icon-box-icon\">\n\t\t\t\t<span class=\"elementor-icon elementor-animation-\" >\n\t\t\t\t<i aria-hidden=\"true\" class=\"fab fa-hire-a-helper\"><\/i>\t\t\t\t<\/span>\n\t\t\t<\/div>\n\t\t\t\t\t\t<div class=\"elementor-icon-box-content\">\n\t\t\t\t<h3 class=\"elementor-icon-box-title\">\n\t\t\t\t\t<span >HOLOWANIE<\/span>\n\t\t\t\t<\/h3>\n\t\t\t\t\t\t\t\t<p class=\"elementor-icon-box-description\">Holowanie uszkodzonych pojazd\u00f3w osobowych, dostawczych, motocykli, quad\u00f3w, maszyn budowlanych itp.<\/p>\n\t\t\t\t\t\t\t<\/div>\n\t\t<\/div>\n\t\t\t\t<\/div>\n\t\t\t\t<\/div>\n\t\t\t\t\t\t<\/div>\n\t\t\t\t\t<\/div>\n\t\t<\/div>\n\t\t\t\t<div class=\"has_eae_slider elementor-column elementor-col-25 elementor-top-column elementor-element elementor-element-f0f687a\" data-id=\"f0f687a\" data-element_type=\"column\">\n\t\t\t<div class=\"elementor-column-wrap elementor-element-populated\">\n\t\t\t\t\t\t\t<div class=\"elementor-widget-wrap\">\n\t\t\t\t\t\t<div class=\"elementor-element elementor-element-99f431f animated-slow elementor-view-default elementor-position-top elementor-vertical-align-top elementor-invisible elementor-widget elementor-widget-icon-box\" data-id=\"99f431f\" data-element_type=\"widget\" data-settings=\"{&quot;_animation&quot;:&quot;fadeInUp&quot;}\" data-widget_type=\"icon-box.default\">\n\t\t\t\t<div class=\"elementor-widget-container\">\n\t\t\t\t\t<div class=\"elementor-icon-box-wrapper\">\n\t\t\t\t\t\t<div class=\"elementor-icon-box-icon\">\n\t\t\t\t<span class=\"elementor-icon elementor-animation-\" >\n\t\t\t\t<i aria-hidden=\"true\" class=\"fas fa-user-cog\"><\/i>\t\t\t\t<\/span>\n\t\t\t<\/div>\n\t\t\t\t\t\t<div class=\"elementor-icon-box-content\">\n\t\t\t\t<h3 class=\"elementor-icon-box-title\">\n\t\t\t\t\t<span >US\u0141UGI<\/span>\n\t\t\t\t<\/h3>\n\t\t\t\t\t\t\t\t<p class=\"elementor-icon-box-description\">Us\u0142ugi wulkanizacyjne, dow\u00f3z paliwa, transport os\u00f3b, transport towar\u00f3w, parkowanie uszkodzonych pojazd\u00f3w.<\/p>\n\t\t\t\t\t\t\t<\/div>\n\t\t<\/div>\n\t\t\t\t<\/div>\n\t\t\t\t<\/div>\n\t\t\t\t\t\t<\/div>\n\t\t\t\t\t<\/div>\n\t\t<\/div>\n\t\t\t\t<div class=\"has_eae_slider elementor-column elementor-col-25 elementor-top-column elementor-element elementor-element-a169f5d\" data-id=\"a169f5d\" data-element_type=\"column\">\n\t\t\t<div class=\"elementor-column-wrap elementor-element-populated\">\n\t\t\t\t\t\t\t<div class=\"elementor-widget-wrap\">\n\t\t\t\t\t\t<div class=\"elementor-element elementor-element-f49b349 animated-slow elementor-view-default elementor-position-top elementor-vertical-align-top elementor-invisible elementor-widget elementor-widget-icon-box\" data-id=\"f49b349\" data-element_type=\"widget\" data-settings=\"{&quot;_animation&quot;:&quot;fadeInDown&quot;}\" data-widget_type=\"icon-box.default\">\n\t\t\t\t<div class=\"elementor-widget-container\">\n\t\t\t\t\t<div class=\"elementor-icon-box-wrapper\">\n\t\t\t\t\t\t<div class=\"elementor-icon-box-icon\">\n\t\t\t\t<span class=\"elementor-icon elementor-animation-\" >\n\t\t\t\t<i aria-hidden=\"true\" class=\"far fa-sun\"><\/i>\t\t\t\t<\/span>\n\t\t\t<\/div>\n\t\t\t\t\t\t<div class=\"elementor-icon-box-content\">\n\t\t\t\t<h3 class=\"elementor-icon-box-title\">\n\t\t\t\t\t<span >NAPRAWY<\/span>\n\t\t\t\t<\/h3>\n\t\t\t\t\t\t\t\t<p class=\"elementor-icon-box-description\">Naprawy awarii na miejscu zdarzenia oraz holowanie do warsztatu \u2013 mechanik 24h.<\/p>\n\t\t\t\t\t\t\t<\/div>\n\t\t<\/div>\n\t\t\t\t<\/div>\n\t\t\t\t<\/div>\n\t\t\t\t\t\t<\/div>\n\t\t\t\t\t<\/div>\n\t\t<\/div>\n\t\t\t\t<div class=\"has_eae_slider elementor-column elementor-col-25 elementor-top-column elementor-element elementor-element-700e504\" data-id=\"700e504\" data-element_type=\"column\">\n\t\t\t<div class=\"elementor-column-wrap elementor-element-populated\">\n\t\t\t\t\t\t\t<div class=\"elementor-widget-wrap\">\n\t\t\t\t\t\t<div class=\"elementor-element elementor-element-6bd6b0d animated-slow elementor-view-default elementor-position-top elementor-vertical-align-top elementor-invisible elementor-widget elementor-widget-icon-box\" data-id=\"6bd6b0d\" data-element_type=\"widget\" data-settings=\"{&quot;_animation&quot;:&quot;fadeInRight&quot;}\" data-widget_type=\"icon-box.default\">\n\t\t\t\t<div class=\"elementor-widget-container\">\n\t\t\t\t\t<div class=\"elementor-icon-box-wrapper\">\n\t\t\t\t\t\t<div class=\"elementor-icon-box-icon\">\n\t\t\t\t<span class=\"elementor-icon elementor-animation-\" >\n\t\t\t\t<i aria-hidden=\"true\" class=\"fas fa-car\"><\/i>\t\t\t\t<\/span>\n\t\t\t<\/div>\n\t\t\t\t\t\t<div class=\"elementor-icon-box-content\">\n\t\t\t\t<h3 class=\"elementor-icon-box-title\">\n\t\t\t\t\t<span >WYNAJEM<\/span>\n\t\t\t\t<\/h3>\n\t\t\t\t\t\t\t\t<p class=\"elementor-icon-box-description\">Wynajem pojazd\u00f3w zast\u0119pczych na okres naprawy.<\/p>\n\t\t\t\t\t\t\t<\/div>\n\t\t<\/div>\n\t\t\t\t<\/div>\n\t\t\t\t<\/div>\n\t\t\t\t\t\t<\/div>\n\t\t\t\t\t<\/div>\n\t\t<\/div>\n\t\t\t\t\t\t\t\t<\/div>\n\t\t\t\t\t<\/div>\n\t\t<\/section>\n\t\t\t\t\t\t<\/div>\n\t\t\t\t\t\t<\/div>\n\t\t\t\t\t<\/div>\n\t\t","protected":false},"excerpt":{"rendered":"<p>\u015aWIADCZYMY US\u0141UGI NA TERENIE MIASTA\u00a0TORU\u0143,\u00a0WOJEW\u00d3DZTWA\u00a0KUJ.-POM.\u00a0\u2013 W TYM AUTOSTRADA A1:\u00a0TURZNO,\u00a0LISEWO,\u00a0LUBICZ, CZERNIEWICE, NOWA WIE\u015aORAZ WSZ\u0118DZIE TAM GDZIE POTRZEBUJESZ NASZEJ POMOCY. 666 219 444 24 GODZINY NA DOB\u0118,7 DNI W TYGODNIU KONTAKT Facebook Google-plus JESTE\u015aMY NA FACEBOOK HOLOWANIE Holowanie uszkodzonych pojazd\u00f3w osobowych, dostawczych, motocykli, quad\u00f3w, maszyn budowlanych itp. US\u0141UGI Us\u0142ugi wulkanizacyjne, dow\u00f3z paliwa, transport os\u00f3b, transport towar\u00f3w, parkowanie&nbsp;&hellip;<\/p>\n","protected":false},"author":1,"featured_media":0,"parent":0,"menu_order":0,"comment_status":"closed","ping_status":"closed","template":"","meta":[],"yoast_head":"<!-- This site is optimized with the Yoast SEO plugin v16.2 - https:\/\/yoast.com\/wordpress\/plugins\/seo\/ -->\n<title>Strona g\u0142owna - TORU\u0143 POMOC DROGOWA - tel. 666 219 444<\/title>\n<meta name=\"robots\" content=\"index, follow, max-snippet:-1, max-image-preview:large, max-video-preview:-1\" \/>\n<link rel=\"canonical\" href=\"http:\/\/torun-pomoc-drogowa.pl\/\" \/>\n<meta property=\"og:locale\" content=\"pl_PL\" \/>\n<meta property=\"og:type\" content=\"article\" \/>\n<meta property=\"og:title\" content=\"Strona g\u0142owna - TORU\u0143 POMOC DROGOWA - tel. 666 219 444\" \/>\n<meta property=\"og:description\" content=\"\u015aWIADCZYMY US\u0141UGI NA TERENIE MIASTA\u00a0TORU\u0143,\u00a0WOJEW\u00d3DZTWA\u00a0KUJ.-POM.\u00a0\u2013 W TYM AUTOSTRADA A1:\u00a0TURZNO,\u00a0LISEWO,\u00a0LUBICZ, CZERNIEWICE, NOWA WIE\u015aORAZ WSZ\u0118DZIE TAM GDZIE POTRZEBUJESZ NASZEJ POMOCY. 666 219 444 24 GODZINY NA DOB\u0118,7 DNI W TYGODNIU KONTAKT Facebook Google-plus JESTE\u015aMY NA FACEBOOK HOLOWANIE Holowanie uszkodzonych pojazd\u00f3w osobowych, dostawczych, motocykli, quad\u00f3w, maszyn budowlanych itp. US\u0141UGI Us\u0142ugi wulkanizacyjne, dow\u00f3z paliwa, transport os\u00f3b, transport towar\u00f3w, parkowanie&nbsp;&hellip;\" \/>\n<meta property=\"og:url\" content=\"http:\/\/torun-pomoc-drogowa.pl\/\" \/>\n<meta property=\"og:site_name\" content=\"TORU\u0143 POMOC DROGOWA - tel. 666 219 444\" \/>\n<meta property=\"article:publisher\" content=\"https:\/\/pl-pl.facebook.com\/Piuchpol-Pomoc-Drogowa-Toru%c5%84-A1-666219444-188450504689092\/\" \/>\n<meta property=\"article:modified_time\" content=\"2019-08-01T22:08:22+00:00\" \/>\n<meta name=\"twitter:card\" content=\"summary_large_image\" \/>\n<script type=\"application\/ld+json\" class=\"yoast-schema-graph\">{\"@context\":\"https:\/\/schema.org\",\"@graph\":[{\"@type\":\"Organization\",\"@id\":\"http:\/\/torun-pomoc-drogowa.pl\/#organization\",\"name\":\"toru\\u0144 pomoc drogowa A1\",\"url\":\"http:\/\/torun-pomoc-drogowa.pl\/\",\"sameAs\":[\"https:\/\/pl-pl.facebook.com\/Piuchpol-Pomoc-Drogowa-Toru\\u0144-A1-666219444-188450504689092\/\"],\"logo\":{\"@type\":\"ImageObject\",\"@id\":\"http:\/\/torun-pomoc-drogowa.pl\/#logo\",\"inLanguage\":\"pl-PL\",\"url\":\"http:\/\/torun-pomoc-drogowa.pl\/wp-content\/uploads\/2019\/07\/nowi-bracia-1-1.jpg\",\"contentUrl\":\"http:\/\/torun-pomoc-drogowa.pl\/wp-content\/uploads\/2019\/07\/nowi-bracia-1-1.jpg\",\"width\":960,\"height\":720,\"caption\":\"toru\\u0144 pomoc drogowa A1\"},\"image\":{\"@id\":\"http:\/\/torun-pomoc-drogowa.pl\/#logo\"}},{\"@type\":\"WebSite\",\"@id\":\"http:\/\/torun-pomoc-drogowa.pl\/#website\",\"url\":\"http:\/\/torun-pomoc-drogowa.pl\/\",\"name\":\"TORU\\u0143 POMOC DROGOWA - tel. 666 219 444\",\"description\":\"\",\"publisher\":{\"@id\":\"http:\/\/torun-pomoc-drogowa.pl\/#organization\"},\"potentialAction\":[{\"@type\":\"SearchAction\",\"target\":\"http:\/\/torun-pomoc-drogowa.pl\/?s={search_term_string}\",\"query-input\":\"required name=search_term_string\"}],\"inLanguage\":\"pl-PL\"},{\"@type\":\"WebPage\",\"@id\":\"http:\/\/torun-pomoc-drogowa.pl\/#webpage\",\"url\":\"http:\/\/torun-pomoc-drogowa.pl\/\",\"name\":\"Strona g\\u0142owna - TORU\\u0143 POMOC DROGOWA - tel. 666 219 444\",\"isPartOf\":{\"@id\":\"http:\/\/torun-pomoc-drogowa.pl\/#website\"},\"datePublished\":\"2019-06-06T14:35:03+00:00\",\"dateModified\":\"2019-08-01T22:08:22+00:00\",\"breadcrumb\":{\"@id\":\"http:\/\/torun-pomoc-drogowa.pl\/#breadcrumb\"},\"inLanguage\":\"pl-PL\",\"potentialAction\":[{\"@type\":\"ReadAction\",\"target\":[\"http:\/\/torun-pomoc-drogowa.pl\/\"]}]},{\"@type\":\"BreadcrumbList\",\"@id\":\"http:\/\/torun-pomoc-drogowa.pl\/#breadcrumb\",\"itemListElement\":[{\"@type\":\"ListItem\",\"position\":1,\"item\":{\"@type\":\"WebPage\",\"@id\":\"http:\/\/torun-pomoc-drogowa.pl\/\",\"url\":\"http:\/\/torun-pomoc-drogowa.pl\/\",\"name\":\"Strona g\\u0142\\u00f3wna\"}},{\"@type\":\"ListItem\",\"position\":2,\"item\":{\"@id\":\"http:\/\/torun-pomoc-drogowa.pl\/#webpage\"}}]}]}<\/script>\n<!-- \/ Yoast SEO plugin. -->","_links":{"self":[{"href":"http:\/\/torun-pomoc-drogowa.pl\/index.php\/wp-json\/wp\/v2\/pages\/12"}],"collection":[{"href":"http:\/\/torun-pomoc-drogowa.pl\/index.php\/wp-json\/wp\/v2\/pages"}],"about":[{"href":"http:\/\/torun-pomoc-drogowa.pl\/index.php\/wp-json\/wp\/v2\/types\/page"}],"author":[{"embeddable":true,"href":"http:\/\/torun-pomoc-drogowa.pl\/index.php\/wp-json\/wp\/v2\/users\/1"}],"replies":[{"embeddable":true,"href":"http:\/\/torun-pomoc-drogowa.pl\/index.php\/wp-json\/wp\/v2\/comments?post=12"}],"version-history":[{"count":41,"href":"http:\/\/torun-pomoc-drogowa.pl\/index.php\/wp-json\/wp\/v2\/pages\/12\/revisions"}],"predecessor-version":[{"id":230,"href":"http:\/\/torun-pomoc-drogowa.pl\/index.php\/wp-json\/wp\/v2\/pages\/12\/revisions\/230"}],"wp:attachment":[{"href":"http:\/\/torun-pomoc-drogowa.pl\/index.php\/wp-json\/wp\/v2\/media?parent=12"}],"curies":[{"name":"wp","href":"https:\/\/api.w.org\/{rel}","templated":true}]}}