{"id":10,"date":"2019-06-06T16:35:03","date_gmt":"2019-06-06T14:35:03","guid":{"rendered":"http:\/\/torun-pomoc-drogowa.pl\/?page_id=10"},"modified":"2019-08-01T18:13:39","modified_gmt":"2019-08-01T16:13:39","slug":"kontakt","status":"publish","type":"page","link":"http:\/\/torun-pomoc-drogowa.pl\/index.php\/kontakt\/","title":{"rendered":"Kontakt"},"content":{"rendered":"\t\t<div data-elementor-type=\"wp-post\" data-elementor-id=\"10\" class=\"elementor elementor-10\" data-elementor-settings=\"[]\">\n\t\t\t\t\t\t<div class=\"elementor-inner\">\n\t\t\t\t\t\t\t<div class=\"elementor-section-wrap\">\n\t\t\t\t\t\t\t<section class=\"has_eae_slider elementor-section elementor-top-section elementor-element elementor-element-493ddcd6 elementor-section-content-middle elementor-section-boxed elementor-section-height-default elementor-section-height-default\" data-id=\"493ddcd6\" data-element_type=\"section\">\n\t\t\t\t\t\t<div class=\"elementor-container elementor-column-gap-default\">\n\t\t\t\t\t\t\t<div class=\"elementor-row\">\n\t\t\t\t\t<div class=\"has_eae_slider elementor-column elementor-col-50 elementor-top-column elementor-element elementor-element-3ba63a89\" data-id=\"3ba63a89\" data-element_type=\"column\">\n\t\t\t<div class=\"elementor-column-wrap elementor-element-populated\">\n\t\t\t\t\t\t\t<div class=\"elementor-widget-wrap\">\n\t\t\t\t\t\t<div class=\"elementor-element elementor-element-13f46793 elementor-widget elementor-widget-text-editor\" data-id=\"13f46793\" data-element_type=\"widget\" data-widget_type=\"text-editor.default\">\n\t\t\t\t<div class=\"elementor-widget-container\">\n\t\t\t\t\t\t\t\t<div class=\"elementor-text-editor elementor-clearfix\">\n\t\t\t\t\t<div class=\"vc_row wpb_row vc_inner vc_row-fluid\">\n<div class=\"wpb_column vc_column_container vc_col-sm-12\">\n<div class=\"vc_column-inner \">\n<div class=\"wpb_wrapper\">\n<div class=\"renew-icon-section \">\n<div class=\"renew-icon-section-content\">\n<p dir=\"ltr\" style=\"text-align: center;\"><strong>PIUCHPOL Piotr Magdzi\u0144ski<\/strong><br \/>87-100 Toru\u0144,<br \/>ul. Grudzi\u0105dzka 159A<br \/>NIP: 879-24-54-145<\/p>\n<p dir=\"ltr\" style=\"text-align: center;\"><strong>E-mail:<\/strong><br \/><a href=\"mailto:kontakt@torun-pomoc-drogowa.pl\">kontakt@torun-pomoc-drogowa.pl<\/a><\/p>\n<p dir=\"ltr\" style=\"text-align: center;\"><strong>Tel.<\/strong><br \/><a href=\"tel:0048666219444\">666 219 444<\/a><\/p>\n<p dir=\"ltr\" style=\"text-align: center;\">24h na dob\u0119, 7 dni w tygodniu<\/p>\n<\/div>\n<\/div>\n<\/div>\n<\/div>\n<\/div>\n<\/div>\n<!-- \/wp:html -->\t\t\t\t\t<\/div>\n\t\t\t\t\t\t<\/div>\n\t\t\t\t<\/div>\n\t\t\t\t<section class=\"has_eae_slider elementor-section elementor-inner-section elementor-element elementor-element-9e88905 elementor-section-boxed elementor-section-height-default elementor-section-height-default\" data-id=\"9e88905\" data-element_type=\"section\">\n\t\t\t\t\t\t<div class=\"elementor-container elementor-column-gap-default\">\n\t\t\t\t\t\t\t<div class=\"elementor-row\">\n\t\t\t\t\t<div class=\"has_eae_slider elementor-column elementor-col-100 elementor-inner-column elementor-element elementor-element-a4c8a15\" data-id=\"a4c8a15\" data-element_type=\"column\">\n\t\t\t<div class=\"elementor-column-wrap elementor-element-populated\">\n\t\t\t\t\t\t\t<div class=\"elementor-widget-wrap\">\n\t\t\t\t\t\t<div class=\"elementor-element elementor-element-4a610b8 elementor-widget elementor-widget-google_maps\" data-id=\"4a610b8\" data-element_type=\"widget\" data-widget_type=\"google_maps.default\">\n\t\t\t\t<div class=\"elementor-widget-container\">\n\t\t\t<div class=\"elementor-custom-embed\"><iframe frameborder=\"0\" scrolling=\"no\" marginheight=\"0\" marginwidth=\"0\" src=\"https:\/\/maps.google.com\/maps?q=Toru%C5%84%2C%20Grudzi%C4%85dzka%20159A&amp;t=m&amp;z=14&amp;output=embed&amp;iwloc=near\" title=\"Toru\u0144, Grudzi\u0105dzka 159A\" aria-label=\"Toru\u0144, Grudzi\u0105dzka 159A\"><\/iframe><\/div>\t\t<\/div>\n\t\t\t\t<\/div>\n\t\t\t\t\t\t<\/div>\n\t\t\t\t\t<\/div>\n\t\t<\/div>\n\t\t\t\t\t\t\t\t<\/div>\n\t\t\t\t\t<\/div>\n\t\t<\/section>\n\t\t\t\t\t\t<\/div>\n\t\t\t\t\t<\/div>\n\t\t<\/div>\n\t\t\t\t<div class=\"has_eae_slider elementor-column elementor-col-50 elementor-top-column elementor-element elementor-element-9d30184\" data-id=\"9d30184\" data-element_type=\"column\">\n\t\t\t<div class=\"elementor-column-wrap elementor-element-populated\">\n\t\t\t\t\t\t\t<div class=\"elementor-widget-wrap\">\n\t\t\t\t\t\t<div class=\"elementor-element elementor-element-0d7d935 elementor-widget elementor-widget-heading\" data-id=\"0d7d935\" data-element_type=\"widget\" data-widget_type=\"heading.default\">\n\t\t\t\t<div class=\"elementor-widget-container\">\n\t\t\t<h4 class=\"elementor-heading-title elementor-size-default\">JESTE\u015aMY NA FACEBOOK<\/h4>\t\t<\/div>\n\t\t\t\t<\/div>\n\t\t\t\t<div class=\"elementor-element elementor-element-327548c elementor-widget elementor-widget-html\" data-id=\"327548c\" data-element_type=\"widget\" data-widget_type=\"html.default\">\n\t\t\t\t<div class=\"elementor-widget-container\">\n\t\t\t<div class=\"fb-page fb_iframe_widget\" data-href=\"https:\/\/www.facebook.com\/AutoSzkolaAsTor\" data-width=\"100%\" data-height=\"500\" data-hide-cover=\"false\" data-show-facepile=\"true\" data-show-posts=\"true\" fb-xfbml-state=\"rendered\" fb-iframe-plugin-query=\"app_id=&amp;container_width=100%&amp;height=500&amp;hide_cover=false&amp;href=https:\/\/pl-pl.facebook.com\/Piuchpol-Pomoc-Drogowa-Toru%C5%84-A1-666219444-188450504689092\/&amp;locale=pl_PL&amp;sdk=joey&amp;show_facepile=true&amp;show_posts=true&amp;width=280\"><span style=\"vertical-align: bottom; width: 100%; height: 500px;\"><iframe loading=\"lazy\" name=\"f3276d117d33c3c\" width=\"100%\" height=\"500px\" title=\"fb:page Facebook Social Plugin\" frameborder=\"0\" allowtransparency=\"true\" allowfullscreen=\"true\" scrolling=\"no\" allow=\"encrypted-media\" src=\"https:\/\/www.facebook.com\/v2.3\/plugins\/page.php?app_id=&amp;channel=https%3A%2F%2Fstaticxx.facebook.com%2Fconnect%2Fxd_arbiter.php%3Fversion%3D44%23cb%3Df1e0991b110672c%26domain%3Dwww.autoster.pl%26origin%3Dhttp%253A%252F%252Ftorunpomocdrogowa.pl%252Ff3e94235e8e784c%26relation%3Dparent.parent&amp;container_width=340&amp;height=500&amp;hide_cover=false&amp;href=https:\/\/pl-pl.facebook.com\/Piuchpol-Pomoc-Drogowa-Toru%C5%84-A1-666219444-188450504689092amp;locale=pl_PL&amp;sdk=joey&amp;show_facepile=true&amp;show_posts=true&amp;width=600px\" style=\"border: none; visibility: visible; width: 100%; height: 500px;\" class=\"\"><\/iframe><\/span><\/div>\t\t<\/div>\n\t\t\t\t<\/div>\n\t\t\t\t<div class=\"elementor-element elementor-element-28b9605 elementor-shape-rounded elementor-grid-0 e-grid-align-center elementor-widget elementor-widget-social-icons\" data-id=\"28b9605\" data-element_type=\"widget\" data-widget_type=\"social-icons.default\">\n\t\t\t\t<div class=\"elementor-widget-container\">\n\t\t\t\t\t<div class=\"elementor-social-icons-wrapper elementor-grid\">\n\t\t\t\t\t\t\t<div class=\"elementor-grid-item\">\n\t\t\t\t\t<a class=\"elementor-icon elementor-social-icon elementor-social-icon-facebook elementor-repeater-item-b6b9992\" href=\"https:\/\/pl-pl.facebook.com\/Piuchpol-Pomoc-Drogowa-Toru%C5%84-A1-666219444-188450504689092\/\" target=\"_blank\">\n\t\t\t\t\t\t<span class=\"elementor-screen-only\">Facebook<\/span>\n\t\t\t\t\t\t<i class=\"fab fa-facebook\"><\/i>\t\t\t\t\t<\/a>\n\t\t\t\t<\/div>\n\t\t\t\t\t\t\t<div class=\"elementor-grid-item\">\n\t\t\t\t\t<a class=\"elementor-icon elementor-social-icon elementor-social-icon-google-plus elementor-repeater-item-261f396\" href=\"https:\/\/plus.google.com\/+Pomocdrogowa24hPIUCHPOLBrze%C5%BAno\/posts\" target=\"_blank\">\n\t\t\t\t\t\t<span class=\"elementor-screen-only\">Google-plus<\/span>\n\t\t\t\t\t\t<i class=\"fab fa-google-plus\"><\/i>\t\t\t\t\t<\/a>\n\t\t\t\t<\/div>\n\t\t\t\t\t<\/div>\n\t\t\t\t<\/div>\n\t\t\t\t<\/div>\n\t\t\t\t<div class=\"elementor-element elementor-element-0d1db5c elementor-widget elementor-widget-heading\" data-id=\"0d1db5c\" data-element_type=\"widget\" data-widget_type=\"heading.default\">\n\t\t\t\t<div class=\"elementor-widget-container\">\n\t\t\t<h4 class=\"elementor-heading-title elementor-size-default\">O FIRMIE<\/h4>\t\t<\/div>\n\t\t\t\t<\/div>\n\t\t\t\t<div class=\"elementor-element elementor-element-dde108f elementor-widget elementor-widget-text-editor\" data-id=\"dde108f\" data-element_type=\"widget\" data-widget_type=\"text-editor.default\">\n\t\t\t\t<div class=\"elementor-widget-container\">\n\t\t\t\t\t\t\t\t<div class=\"elementor-text-editor elementor-clearfix\">\n\t\t\t\t\t<p style=\"text-align: center;\"><span style=\"color: #333333;\">DZIA\u0141AMY SIEDEM DNI W TYGODNIU, 24 GODZINY NA DOB\u0118. JESTE\u015aMY DO DYSPOZYCJI ZAWSZE WTEDY I TAM GDZIE NASZA POMOC JEST POTRZEBNA.<\/span><\/p>\t\t\t\t\t<\/div>\n\t\t\t\t\t\t<\/div>\n\t\t\t\t<\/div>\n\t\t\t\t\t\t<\/div>\n\t\t\t\t\t<\/div>\n\t\t<\/div>\n\t\t\t\t\t\t\t\t<\/div>\n\t\t\t\t\t<\/div>\n\t\t<\/section>\n\t\t\t\t\t\t<\/div>\n\t\t\t\t\t\t<\/div>\n\t\t\t\t\t<\/div>\n\t\t","protected":false},"excerpt":{"rendered":"<p>PIUCHPOL Piotr Magdzi\u0144ski87-100 Toru\u0144,ul. Grudzi\u0105dzka 159ANIP: 879-24-54-145 E-mail:kontakt@torun-pomoc-drogowa.pl Tel.666 219 444 24h na dob\u0119, 7 dni w tygodniu JESTE\u015aMY NA FACEBOOK Facebook Google-plus O FIRMIE DZIA\u0141AMY SIEDEM DNI W TYGODNIU, 24 GODZINY NA DOB\u0118. JESTE\u015aMY DO DYSPOZYCJI ZAWSZE WTEDY I TAM GDZIE NASZA POMOC JEST POTRZEBNA.<\/p>\n","protected":false},"author":1,"featured_media":0,"parent":0,"menu_order":0,"comment_status":"closed","ping_status":"closed","template":"","meta":[],"yoast_head":"<!-- This site is optimized with the Yoast SEO plugin v16.2 - https:\/\/yoast.com\/wordpress\/plugins\/seo\/ -->\n<title>Kontakt - TORU\u0143 POMOC DROGOWA - tel. 666 219 444<\/title>\n<meta name=\"robots\" content=\"index, follow, max-snippet:-1, max-image-preview:large, max-video-preview:-1\" \/>\n<link rel=\"canonical\" href=\"http:\/\/torun-pomoc-drogowa.pl\/index.php\/kontakt\/\" \/>\n<meta property=\"og:locale\" content=\"pl_PL\" \/>\n<meta property=\"og:type\" content=\"article\" \/>\n<meta property=\"og:title\" content=\"Kontakt - TORU\u0143 POMOC DROGOWA - tel. 666 219 444\" \/>\n<meta property=\"og:description\" content=\"PIUCHPOL Piotr Magdzi\u0144ski87-100 Toru\u0144,ul. Grudzi\u0105dzka 159ANIP: 879-24-54-145 E-mail:kontakt@torun-pomoc-drogowa.pl Tel.666 219 444 24h na dob\u0119, 7 dni w tygodniu JESTE\u015aMY NA FACEBOOK Facebook Google-plus O FIRMIE DZIA\u0141AMY SIEDEM DNI W TYGODNIU, 24 GODZINY NA DOB\u0118. JESTE\u015aMY DO DYSPOZYCJI ZAWSZE WTEDY I TAM GDZIE NASZA POMOC JEST POTRZEBNA.\" \/>\n<meta property=\"og:url\" content=\"http:\/\/torun-pomoc-drogowa.pl\/index.php\/kontakt\/\" \/>\n<meta property=\"og:site_name\" content=\"TORU\u0143 POMOC DROGOWA - tel. 666 219 444\" \/>\n<meta property=\"article:publisher\" content=\"https:\/\/pl-pl.facebook.com\/Piuchpol-Pomoc-Drogowa-Toru%c5%84-A1-666219444-188450504689092\/\" \/>\n<meta property=\"article:modified_time\" content=\"2019-08-01T16:13:39+00:00\" \/>\n<meta name=\"twitter:card\" content=\"summary_large_image\" \/>\n<script type=\"application\/ld+json\" class=\"yoast-schema-graph\">{\"@context\":\"https:\/\/schema.org\",\"@graph\":[{\"@type\":\"Organization\",\"@id\":\"http:\/\/torun-pomoc-drogowa.pl\/#organization\",\"name\":\"toru\\u0144 pomoc drogowa A1\",\"url\":\"http:\/\/torun-pomoc-drogowa.pl\/\",\"sameAs\":[\"https:\/\/pl-pl.facebook.com\/Piuchpol-Pomoc-Drogowa-Toru\\u0144-A1-666219444-188450504689092\/\"],\"logo\":{\"@type\":\"ImageObject\",\"@id\":\"http:\/\/torun-pomoc-drogowa.pl\/#logo\",\"inLanguage\":\"pl-PL\",\"url\":\"http:\/\/torun-pomoc-drogowa.pl\/wp-content\/uploads\/2019\/07\/nowi-bracia-1-1.jpg\",\"contentUrl\":\"http:\/\/torun-pomoc-drogowa.pl\/wp-content\/uploads\/2019\/07\/nowi-bracia-1-1.jpg\",\"width\":960,\"height\":720,\"caption\":\"toru\\u0144 pomoc drogowa A1\"},\"image\":{\"@id\":\"http:\/\/torun-pomoc-drogowa.pl\/#logo\"}},{\"@type\":\"WebSite\",\"@id\":\"http:\/\/torun-pomoc-drogowa.pl\/#website\",\"url\":\"http:\/\/torun-pomoc-drogowa.pl\/\",\"name\":\"TORU\\u0143 POMOC DROGOWA - tel. 666 219 444\",\"description\":\"\",\"publisher\":{\"@id\":\"http:\/\/torun-pomoc-drogowa.pl\/#organization\"},\"potentialAction\":[{\"@type\":\"SearchAction\",\"target\":\"http:\/\/torun-pomoc-drogowa.pl\/?s={search_term_string}\",\"query-input\":\"required name=search_term_string\"}],\"inLanguage\":\"pl-PL\"},{\"@type\":\"WebPage\",\"@id\":\"http:\/\/torun-pomoc-drogowa.pl\/index.php\/kontakt\/#webpage\",\"url\":\"http:\/\/torun-pomoc-drogowa.pl\/index.php\/kontakt\/\",\"name\":\"Kontakt - TORU\\u0143 POMOC DROGOWA - tel. 666 219 444\",\"isPartOf\":{\"@id\":\"http:\/\/torun-pomoc-drogowa.pl\/#website\"},\"datePublished\":\"2019-06-06T14:35:03+00:00\",\"dateModified\":\"2019-08-01T16:13:39+00:00\",\"breadcrumb\":{\"@id\":\"http:\/\/torun-pomoc-drogowa.pl\/index.php\/kontakt\/#breadcrumb\"},\"inLanguage\":\"pl-PL\",\"potentialAction\":[{\"@type\":\"ReadAction\",\"target\":[\"http:\/\/torun-pomoc-drogowa.pl\/index.php\/kontakt\/\"]}]},{\"@type\":\"BreadcrumbList\",\"@id\":\"http:\/\/torun-pomoc-drogowa.pl\/index.php\/kontakt\/#breadcrumb\",\"itemListElement\":[{\"@type\":\"ListItem\",\"position\":1,\"item\":{\"@type\":\"WebPage\",\"@id\":\"http:\/\/torun-pomoc-drogowa.pl\/\",\"url\":\"http:\/\/torun-pomoc-drogowa.pl\/\",\"name\":\"Strona g\\u0142\\u00f3wna\"}},{\"@type\":\"ListItem\",\"position\":2,\"item\":{\"@id\":\"http:\/\/torun-pomoc-drogowa.pl\/index.php\/kontakt\/#webpage\"}}]}]}<\/script>\n<!-- \/ Yoast SEO plugin. -->","_links":{"self":[{"href":"http:\/\/torun-pomoc-drogowa.pl\/index.php\/wp-json\/wp\/v2\/pages\/10"}],"collection":[{"href":"http:\/\/torun-pomoc-drogowa.pl\/index.php\/wp-json\/wp\/v2\/pages"}],"about":[{"href":"http:\/\/torun-pomoc-drogowa.pl\/index.php\/wp-json\/wp\/v2\/types\/page"}],"author":[{"embeddable":true,"href":"http:\/\/torun-pomoc-drogowa.pl\/index.php\/wp-json\/wp\/v2\/users\/1"}],"replies":[{"embeddable":true,"href":"http:\/\/torun-pomoc-drogowa.pl\/index.php\/wp-json\/wp\/v2\/comments?post=10"}],"version-history":[{"count":13,"href":"http:\/\/torun-pomoc-drogowa.pl\/index.php\/wp-json\/wp\/v2\/pages\/10\/revisions"}],"predecessor-version":[{"id":213,"href":"http:\/\/torun-pomoc-drogowa.pl\/index.php\/wp-json\/wp\/v2\/pages\/10\/revisions\/213"}],"wp:attachment":[{"href":"http:\/\/torun-pomoc-drogowa.pl\/index.php\/wp-json\/wp\/v2\/media?parent=10"}],"curies":[{"name":"wp","href":"https:\/\/api.w.org\/{rel}","templated":true}]}}